{"id":9349,"date":"2024-06-09T12:38:01","date_gmt":"2024-06-09T11:38:01","guid":{"rendered":"https:\/\/granadaviva.com\/?page_id=9349"},"modified":"2024-06-09T12:43:21","modified_gmt":"2024-06-09T11:43:21","slug":"lecrin","status":"publish","type":"page","link":"https:\/\/granadaviva.com\/es\/lecrin\/","title":{"rendered":"Lecrin Valley"},"content":{"rendered":"<div data-elementor-type=\"wp-page\" data-elementor-id=\"9349\" class=\"elementor elementor-9349\" data-elementor-post-type=\"page\">\n\t\t\t\t\t\t<section class=\"elementor-section elementor-top-section elementor-element elementor-element-632e55c elementor-section-boxed elementor-section-height-default elementor-section-height-default rt-parallax-bg-no\" data-id=\"632e55c\" data-element_type=\"section\">\n\t\t\t\t\t\t<div class=\"elementor-container elementor-column-gap-default\">\n\t\t\t\t\t<div class=\"elementor-column elementor-col-100 elementor-top-column elementor-element elementor-element-1f2de99\" data-id=\"1f2de99\" data-element_type=\"column\">\n\t\t\t<div class=\"elementor-widget-wrap elementor-element-populated\">\n\t\t\t\t\t\t<div class=\"elementor-element elementor-element-be3ee4b elementor-widget elementor-widget-heading\" data-id=\"be3ee4b\" data-element_type=\"widget\" data-widget_type=\"heading.default\">\n\t\t\t\t<div class=\"elementor-widget-container\">\n\t\t\t\t\t<h2 class=\"elementor-heading-title elementor-size-default\">Lecrin Valley: the valley of happiness<\/h2>\t\t\t\t<\/div>\n\t\t\t\t<\/div>\n\t\t\t\t<div class=\"elementor-element elementor-element-efdbfd9 elementor-widget elementor-widget-text-editor\" data-id=\"efdbfd9\" data-element_type=\"widget\" data-widget_type=\"text-editor.default\">\n\t\t\t\t<div class=\"elementor-widget-container\">\n\t\t\t\t\t\t\t\t\t<p>The Lecr\u00edn Valley, located in the province of Granada, Spain, is a beautiful region that showcases the best of the Andalusian countryside. Situated between the majestic Sierra Nevada mountain range and the sparkling Costa Tropical, this valley is a lush oasis filled with citrus orchards, olive groves, and charming whitewashed villages.<\/p>\t\t\t\t\t\t\t\t<\/div>\n\t\t\t\t<\/div>\n\t\t\t\t<div class=\"elementor-element elementor-element-6507ba5 elementor-widget elementor-widget-spacer\" data-id=\"6507ba5\" data-element_type=\"widget\" data-widget_type=\"spacer.default\">\n\t\t\t\t<div class=\"elementor-widget-container\">\n\t\t\t\t\t\t\t<div class=\"elementor-spacer\">\n\t\t\t<div class=\"elementor-spacer-inner\"><\/div>\n\t\t<\/div>\n\t\t\t\t\t\t<\/div>\n\t\t\t\t<\/div>\n\t\t\t\t\t<\/div>\n\t\t<\/div>\n\t\t\t\t\t<\/div>\n\t\t<\/section>\n\t\t\t\t<section class=\"elementor-section elementor-top-section elementor-element elementor-element-2c5c377 elementor-section-boxed elementor-section-height-default elementor-section-height-default rt-parallax-bg-no\" data-id=\"2c5c377\" data-element_type=\"section\">\n\t\t\t\t\t\t<div class=\"elementor-container elementor-column-gap-default\">\n\t\t\t\t\t<div class=\"elementor-column elementor-col-100 elementor-top-column elementor-element elementor-element-fa1fc49\" data-id=\"fa1fc49\" data-element_type=\"column\">\n\t\t\t<div class=\"elementor-widget-wrap elementor-element-populated\">\n\t\t\t\t\t\t<div class=\"elementor-element elementor-element-ca02946 elementor-widget elementor-widget-heading\" data-id=\"ca02946\" data-element_type=\"widget\" data-widget_type=\"heading.default\">\n\t\t\t\t<div class=\"elementor-widget-container\">\n\t\t\t\t\t<h2 class=\"elementor-heading-title elementor-size-default\">A Valley of Joy<\/h2>\t\t\t\t<\/div>\n\t\t\t\t<\/div>\n\t\t\t\t\t<\/div>\n\t\t<\/div>\n\t\t\t\t\t<\/div>\n\t\t<\/section>\n\t\t\t\t<section class=\"elementor-section elementor-top-section elementor-element elementor-element-a48e0ce elementor-section-boxed elementor-section-height-default elementor-section-height-default rt-parallax-bg-no\" data-id=\"a48e0ce\" data-element_type=\"section\">\n\t\t\t\t\t\t<div class=\"elementor-container elementor-column-gap-default\">\n\t\t\t\t\t<div class=\"elementor-column elementor-col-50 elementor-top-column elementor-element elementor-element-0a9efcc\" data-id=\"0a9efcc\" data-element_type=\"column\">\n\t\t\t<div class=\"elementor-widget-wrap elementor-element-populated\">\n\t\t\t\t\t\t<div class=\"elementor-element elementor-element-8dd9901 elementor-widget elementor-widget-image\" data-id=\"8dd9901\" data-element_type=\"widget\" data-widget_type=\"image.default\">\n\t\t\t\t<div class=\"elementor-widget-container\">\n\t\t\t\t\t\t\t\t\t\t\t\t\t\t\t<img fetchpriority=\"high\" decoding=\"async\" width=\"1024\" height=\"768\" src=\"https:\/\/granadaviva.com\/wp-content\/uploads\/2024\/06\/lecrin-1024x768.jpg\" class=\"attachment-large size-large wp-image-9354\" alt=\"\" srcset=\"https:\/\/granadaviva.com\/wp-content\/uploads\/2024\/06\/lecrin-1024x768.jpg 1024w, https:\/\/granadaviva.com\/wp-content\/uploads\/2024\/06\/lecrin-350x263.jpg 350w, https:\/\/granadaviva.com\/wp-content\/uploads\/2024\/06\/lecrin-200x150.jpg 200w, https:\/\/granadaviva.com\/wp-content\/uploads\/2024\/06\/lecrin.jpg 1241w\" sizes=\"(max-width: 1024px) 100vw, 1024px\" title=\"\" \/>\t\t\t\t\t\t\t\t\t\t\t\t\t\t\t<\/div>\n\t\t\t\t<\/div>\n\t\t\t\t\t<\/div>\n\t\t<\/div>\n\t\t\t\t<div class=\"elementor-column elementor-col-50 elementor-top-column elementor-element elementor-element-5a69171\" data-id=\"5a69171\" data-element_type=\"column\">\n\t\t\t<div class=\"elementor-widget-wrap elementor-element-populated\">\n\t\t\t\t\t\t<div class=\"elementor-element elementor-element-2db53df elementor-widget elementor-widget-text-editor\" data-id=\"2db53df\" data-element_type=\"widget\" data-widget_type=\"text-editor.default\">\n\t\t\t\t<div class=\"elementor-widget-container\">\n\t\t\t\t\t\t\t\t\t<p>One of the most appealing aspects of the Lecr\u00edn Valley is its delightful climate. Often called the \u201cValley of Joy,\u201d the area enjoys mild winters and warm summers, making it a perfect year-round destination. The air is filled with the sweet scent of citrus blossoms, enhancing the valley\u2019s enchanting atmosphere and providing a sensory delight for visitors.<\/p>\t\t\t\t\t\t\t\t<\/div>\n\t\t\t\t<\/div>\n\t\t\t\t\t<\/div>\n\t\t<\/div>\n\t\t\t\t\t<\/div>\n\t\t<\/section>\n\t\t\t\t<section class=\"elementor-section elementor-top-section elementor-element elementor-element-ee09879 elementor-section-boxed elementor-section-height-default elementor-section-height-default rt-parallax-bg-no\" data-id=\"ee09879\" data-element_type=\"section\">\n\t\t\t\t\t\t<div class=\"elementor-container elementor-column-gap-default\">\n\t\t\t\t\t<div class=\"elementor-column elementor-col-100 elementor-top-column elementor-element elementor-element-88c93ad\" data-id=\"88c93ad\" data-element_type=\"column\">\n\t\t\t<div class=\"elementor-widget-wrap elementor-element-populated\">\n\t\t\t\t\t\t<div class=\"elementor-element elementor-element-bffb00d elementor-widget elementor-widget-heading\" data-id=\"bffb00d\" data-element_type=\"widget\" data-widget_type=\"heading.default\">\n\t\t\t\t<div class=\"elementor-widget-container\">\n\t\t\t\t\t<h2 class=\"elementor-heading-title elementor-size-default\">Charming Villages<\/h2>\t\t\t\t<\/div>\n\t\t\t\t<\/div>\n\t\t\t\t<div class=\"elementor-element elementor-element-c2e8c02 elementor-widget elementor-widget-text-editor\" data-id=\"c2e8c02\" data-element_type=\"widget\" data-widget_type=\"text-editor.default\">\n\t\t\t\t<div class=\"elementor-widget-container\">\n\t\t\t\t\t\t\t\t\t<p>The valley is dotted with picturesque villages like Nig\u00fcelas, D\u00farcal, and Rest\u00e1bal, each offering its own unique charm. These villages are characterized by their narrow, winding streets, hidden plazas, and traditional eateries where visitors can enjoy local delicacies. Walking through these villages, you\u2019ll discover the authentic lifestyle of the Andalusian countryside, with friendly locals and a relaxed pace of life.<\/p>\t\t\t\t\t\t\t\t<\/div>\n\t\t\t\t<\/div>\n\t\t\t\t\t<\/div>\n\t\t<\/div>\n\t\t\t\t\t<\/div>\n\t\t<\/section>\n\t\t\t\t<section class=\"elementor-section elementor-top-section elementor-element elementor-element-8c02bb5 elementor-section-boxed elementor-section-height-default elementor-section-height-default rt-parallax-bg-no\" data-id=\"8c02bb5\" data-element_type=\"section\">\n\t\t\t\t\t\t<div class=\"elementor-container elementor-column-gap-default\">\n\t\t\t\t\t<div class=\"elementor-column elementor-col-100 elementor-top-column elementor-element elementor-element-df67f76\" data-id=\"df67f76\" data-element_type=\"column\">\n\t\t\t<div class=\"elementor-widget-wrap elementor-element-populated\">\n\t\t\t\t\t\t<div class=\"elementor-element elementor-element-2329e4e elementor-widget elementor-widget-heading\" data-id=\"2329e4e\" data-element_type=\"widget\" data-widget_type=\"heading.default\">\n\t\t\t\t<div class=\"elementor-widget-container\">\n\t\t\t\t\t<h2 class=\"elementor-heading-title elementor-size-default\">Outdoor Adventures<\/h2>\t\t\t\t<\/div>\n\t\t\t\t<\/div>\n\t\t\t\t<div class=\"elementor-element elementor-element-df920a4 elementor-widget elementor-widget-text-editor\" data-id=\"df920a4\" data-element_type=\"widget\" data-widget_type=\"text-editor.default\">\n\t\t\t\t<div class=\"elementor-widget-container\">\n\t\t\t\t\t\t\t\t\t<p>For those who love the outdoors, the Lecr\u00edn Valley offers plenty of activities. The surrounding mountains provide a stunning backdrop for hiking and nature walks. Trails of varying difficulty levels allow hikers to explore the natural beauty of the area while enjoying panoramic views. Birdwatching is another popular activity, thanks to the valley\u2019s numerous waterways and rich biodiversity. Picnicking by the B\u00e9znar reservoir is a perfect way to spend a leisurely afternoon, surrounded by nature.<\/p>\t\t\t\t\t\t\t\t<\/div>\n\t\t\t\t<\/div>\n\t\t\t\t\t<\/div>\n\t\t<\/div>\n\t\t\t\t\t<\/div>\n\t\t<\/section>\n\t\t\t\t<section class=\"elementor-section elementor-top-section elementor-element elementor-element-62404b5 elementor-section-boxed elementor-section-height-default elementor-section-height-default rt-parallax-bg-no\" data-id=\"62404b5\" data-element_type=\"section\">\n\t\t\t\t\t\t<div class=\"elementor-container elementor-column-gap-default\">\n\t\t\t\t\t<div class=\"elementor-column elementor-col-100 elementor-top-column elementor-element elementor-element-cf2b3ef\" data-id=\"cf2b3ef\" data-element_type=\"column\">\n\t\t\t<div class=\"elementor-widget-wrap elementor-element-populated\">\n\t\t\t\t\t\t<div class=\"elementor-element elementor-element-2d67970 elementor-widget elementor-widget-heading\" data-id=\"2d67970\" data-element_type=\"widget\" data-widget_type=\"heading.default\">\n\t\t\t\t<div class=\"elementor-widget-container\">\n\t\t\t\t\t<h2 class=\"elementor-heading-title elementor-size-default\">Natural Beauty and Cultural Richness<\/h2>\t\t\t\t<\/div>\n\t\t\t\t<\/div>\n\t\t\t\t<div class=\"elementor-element elementor-element-5219c76 elementor-widget elementor-widget-text-editor\" data-id=\"5219c76\" data-element_type=\"widget\" data-widget_type=\"text-editor.default\">\n\t\t\t\t<div class=\"elementor-widget-container\">\n\t\t\t\t\t\t\t\t\t<p>The Lecr\u00edn Valley beautifully combines natural beauty and cultural richness. The landscape is dominated by lush citrus groves and olive trees, creating a green and fertile environment. The traditional architecture and historical sites within the villages reflect the rich cultural heritage of the region. This blend of nature and culture makes the Lecr\u00edn Valley a unique and appealing destination.<\/p>\t\t\t\t\t\t\t\t<\/div>\n\t\t\t\t<\/div>\n\t\t\t\t\t<\/div>\n\t\t<\/div>\n\t\t\t\t\t<\/div>\n\t\t<\/section>\n\t\t\t\t<section class=\"elementor-section elementor-top-section elementor-element elementor-element-3ed411c elementor-section-boxed elementor-section-height-default elementor-section-height-default rt-parallax-bg-no\" data-id=\"3ed411c\" data-element_type=\"section\">\n\t\t\t\t\t\t<div class=\"elementor-container elementor-column-gap-default\">\n\t\t\t\t\t<div class=\"elementor-column elementor-col-50 elementor-top-column elementor-element elementor-element-ab4baca\" data-id=\"ab4baca\" data-element_type=\"column\">\n\t\t\t<div class=\"elementor-widget-wrap elementor-element-populated\">\n\t\t\t\t\t\t<div class=\"elementor-element elementor-element-8e29ac0 elementor-widget elementor-widget-text-editor\" data-id=\"8e29ac0\" data-element_type=\"widget\" data-widget_type=\"text-editor.default\">\n\t\t\t\t<div class=\"elementor-widget-container\">\n\t\t\t\t\t\t\t\t\t<p>Getting to the Lecr\u00edn Valley from Granada and the Costa Tropical is very straightforward as it juts off the highway A-44 that connects Granada with the Costa Tropical\u00a0<\/p>\t\t\t\t\t\t\t\t<\/div>\n\t\t\t\t<\/div>\n\t\t\t\t\t<\/div>\n\t\t<\/div>\n\t\t\t\t<div class=\"elementor-column elementor-col-50 elementor-top-column elementor-element elementor-element-0a813b5\" data-id=\"0a813b5\" data-element_type=\"column\">\n\t\t\t<div class=\"elementor-widget-wrap elementor-element-populated\">\n\t\t\t\t\t\t<div class=\"elementor-element elementor-element-1240a4f elementor-widget elementor-widget-google_maps\" data-id=\"1240a4f\" data-element_type=\"widget\" data-widget_type=\"google_maps.default\">\n\t\t\t\t<div class=\"elementor-widget-container\">\n\t\t\t\t\t\t\t<div class=\"elementor-custom-embed\">\n\t\t\t<iframe loading=\"lazy\"\n\t\t\t\t\tsrc=\"https:\/\/maps.google.com\/maps?q=Valle%20de%20Lecrin&#038;t=m&#038;z=13&#038;output=embed&#038;iwloc=near\"\n\t\t\t\t\ttitle=\"Valle de Lecrin\"\n\t\t\t\t\taria-label=\"Valle de Lecrin\"\n\t\t\t><\/iframe>\n\t\t<\/div>\n\t\t\t\t\t\t<\/div>\n\t\t\t\t<\/div>\n\t\t\t\t\t<\/div>\n\t\t<\/div>\n\t\t\t\t\t<\/div>\n\t\t<\/section>\n\t\t\t\t<\/div>","protected":false},"excerpt":{"rendered":"<p>Lecrin Valley: the valley of happiness The Lecr\u00edn Valley, located in the province of Granada, Spain, is a beautiful region that showcases the best of the Andalusian countryside. Situated between the majestic Sierra Nevada mountain range and the sparkling Costa Tropical, this valley is a lush oasis filled with citrus orchards, olive groves, and charming<\/p>","protected":false},"author":1,"featured_media":0,"parent":0,"menu_order":0,"comment_status":"closed","ping_status":"closed","template":"elementor_theme","meta":{"_rtcl_gb_attr":"","footnotes":""},"class_list":["post-9349","page","type-page","status-publish","hentry"],"_links":{"self":[{"href":"https:\/\/granadaviva.com\/es\/wp-json\/wp\/v2\/pages\/9349","targetHints":{"allow":["GET"]}}],"collection":[{"href":"https:\/\/granadaviva.com\/es\/wp-json\/wp\/v2\/pages"}],"about":[{"href":"https:\/\/granadaviva.com\/es\/wp-json\/wp\/v2\/types\/page"}],"author":[{"embeddable":true,"href":"https:\/\/granadaviva.com\/es\/wp-json\/wp\/v2\/users\/1"}],"replies":[{"embeddable":true,"href":"https:\/\/granadaviva.com\/es\/wp-json\/wp\/v2\/comments?post=9349"}],"version-history":[{"count":4,"href":"https:\/\/granadaviva.com\/es\/wp-json\/wp\/v2\/pages\/9349\/revisions"}],"predecessor-version":[{"id":9357,"href":"https:\/\/granadaviva.com\/es\/wp-json\/wp\/v2\/pages\/9349\/revisions\/9357"}],"wp:attachment":[{"href":"https:\/\/granadaviva.com\/es\/wp-json\/wp\/v2\/media?parent=9349"}],"curies":[{"name":"wp","href":"https:\/\/api.w.org\/{rel}","templated":true}]}}