{"id":9253,"date":"2024-06-09T11:02:55","date_gmt":"2024-06-09T10:02:55","guid":{"rendered":"https:\/\/granadaviva.com\/?page_id=9253"},"modified":"2024-06-09T11:11:45","modified_gmt":"2024-06-09T10:11:45","slug":"mirador-de-san-nicolas","status":"publish","type":"page","link":"https:\/\/granadaviva.com\/es\/mirador-de-san-nicolas\/","title":{"rendered":"Mirador de San Nicol\u00e1s"},"content":{"rendered":"<div data-elementor-type=\"wp-page\" data-elementor-id=\"9253\" class=\"elementor elementor-9253\" data-elementor-post-type=\"page\">\n\t\t\t\t\t\t<section class=\"elementor-section elementor-top-section elementor-element elementor-element-632e55c elementor-section-boxed elementor-section-height-default elementor-section-height-default rt-parallax-bg-no\" data-id=\"632e55c\" data-element_type=\"section\">\n\t\t\t\t\t\t<div class=\"elementor-container elementor-column-gap-default\">\n\t\t\t\t\t<div class=\"elementor-column elementor-col-100 elementor-top-column elementor-element elementor-element-1f2de99\" data-id=\"1f2de99\" data-element_type=\"column\">\n\t\t\t<div class=\"elementor-widget-wrap elementor-element-populated\">\n\t\t\t\t\t\t<div class=\"elementor-element elementor-element-be3ee4b elementor-widget elementor-widget-heading\" data-id=\"be3ee4b\" data-element_type=\"widget\" data-widget_type=\"heading.default\">\n\t\t\t\t<div class=\"elementor-widget-container\">\n\t\t\t\t\t<h1 class=\"elementor-heading-title elementor-size-default\">Mirador de San Nicol\u00e1s<\/h1>\t\t\t\t<\/div>\n\t\t\t\t<\/div>\n\t\t\t\t<div class=\"elementor-element elementor-element-efdbfd9 elementor-widget elementor-widget-text-editor\" data-id=\"efdbfd9\" data-element_type=\"widget\" data-widget_type=\"text-editor.default\">\n\t\t\t\t<div class=\"elementor-widget-container\">\n\t\t\t\t\t\t\t\t\t<p>No visit to Granada would be complete without a trip to Mirador de San Nicol\u00e1s, a beautiful spot in the Albaic\u00edn neighborhood offering stunning panoramic views of the Alhambra, the Sierra Nevada mountains, the city, and the Vega. This viewpoint is one of the most famous in the city, attracting locals and tourists alike with its breathtaking scenery and vibrant atmosphere.<\/p>\t\t\t\t\t\t\t\t<\/div>\n\t\t\t\t<\/div>\n\t\t\t\t<div class=\"elementor-element elementor-element-6507ba5 elementor-widget elementor-widget-spacer\" data-id=\"6507ba5\" data-element_type=\"widget\" data-widget_type=\"spacer.default\">\n\t\t\t\t<div class=\"elementor-widget-container\">\n\t\t\t\t\t\t\t<div class=\"elementor-spacer\">\n\t\t\t<div class=\"elementor-spacer-inner\"><\/div>\n\t\t<\/div>\n\t\t\t\t\t\t<\/div>\n\t\t\t\t<\/div>\n\t\t\t\t\t<\/div>\n\t\t<\/div>\n\t\t\t\t\t<\/div>\n\t\t<\/section>\n\t\t\t\t<section class=\"elementor-section elementor-top-section elementor-element elementor-element-2c5c377 elementor-section-boxed elementor-section-height-default elementor-section-height-default rt-parallax-bg-no\" data-id=\"2c5c377\" data-element_type=\"section\">\n\t\t\t\t\t\t<div class=\"elementor-container elementor-column-gap-default\">\n\t\t\t\t\t<div class=\"elementor-column elementor-col-100 elementor-top-column elementor-element elementor-element-fa1fc49\" data-id=\"fa1fc49\" data-element_type=\"column\">\n\t\t\t<div class=\"elementor-widget-wrap elementor-element-populated\">\n\t\t\t\t\t\t<div class=\"elementor-element elementor-element-ca02946 elementor-widget elementor-widget-heading\" data-id=\"ca02946\" data-element_type=\"widget\" data-widget_type=\"heading.default\">\n\t\t\t\t<div class=\"elementor-widget-container\">\n\t\t\t\t\t<h2 class=\"elementor-heading-title elementor-size-default\">A Prime Location<\/h2>\t\t\t\t<\/div>\n\t\t\t\t<\/div>\n\t\t\t\t\t<\/div>\n\t\t<\/div>\n\t\t\t\t\t<\/div>\n\t\t<\/section>\n\t\t\t\t<section class=\"elementor-section elementor-top-section elementor-element elementor-element-a48e0ce elementor-section-boxed elementor-section-height-default elementor-section-height-default rt-parallax-bg-no\" data-id=\"a48e0ce\" data-element_type=\"section\">\n\t\t\t\t\t\t<div class=\"elementor-container elementor-column-gap-default\">\n\t\t\t\t\t<div class=\"elementor-column elementor-col-50 elementor-top-column elementor-element elementor-element-0a9efcc\" data-id=\"0a9efcc\" data-element_type=\"column\">\n\t\t\t<div class=\"elementor-widget-wrap elementor-element-populated\">\n\t\t\t\t\t\t<div class=\"elementor-element elementor-element-8dd9901 elementor-widget elementor-widget-image\" data-id=\"8dd9901\" data-element_type=\"widget\" data-widget_type=\"image.default\">\n\t\t\t\t<div class=\"elementor-widget-container\">\n\t\t\t\t\t\t\t\t\t\t\t\t\t\t\t<img fetchpriority=\"high\" decoding=\"async\" width=\"630\" height=\"420\" src=\"https:\/\/granadaviva.com\/wp-content\/uploads\/2024\/06\/san_nicolas-1.jpg\" class=\"attachment-large size-large wp-image-9255\" alt=\"Mirador de San Nicol\u00e1s\" srcset=\"https:\/\/granadaviva.com\/wp-content\/uploads\/2024\/06\/san_nicolas-1.jpg 630w, https:\/\/granadaviva.com\/wp-content\/uploads\/2024\/06\/san_nicolas-1-350x233.jpg 350w\" sizes=\"(max-width: 630px) 100vw, 630px\" title=\"\" \/>\t\t\t\t\t\t\t\t\t\t\t\t\t\t\t<\/div>\n\t\t\t\t<\/div>\n\t\t\t\t\t<\/div>\n\t\t<\/div>\n\t\t\t\t<div class=\"elementor-column elementor-col-50 elementor-top-column elementor-element elementor-element-5a69171\" data-id=\"5a69171\" data-element_type=\"column\">\n\t\t\t<div class=\"elementor-widget-wrap elementor-element-populated\">\n\t\t\t\t\t\t<div class=\"elementor-element elementor-element-2db53df elementor-widget elementor-widget-text-editor\" data-id=\"2db53df\" data-element_type=\"widget\" data-widget_type=\"text-editor.default\">\n\t\t\t\t<div class=\"elementor-widget-container\">\n\t\t\t\t\t\t\t\t\t<p>Located in the heart of the Albaic\u00edn, Mirador de San Nicol\u00e1s is easily accessible from various parts of Granada. The Albaic\u00edn itself is a historic neighborhood known for its narrow, winding streets and whitewashed houses. As you make your way up to the mirador, you\u2019ll pass by charming shops, cozy cafes, and beautiful gardens, making the journey to the viewpoint an experience in itself.<\/p>\t\t\t\t\t\t\t\t<\/div>\n\t\t\t\t<\/div>\n\t\t\t\t\t<\/div>\n\t\t<\/div>\n\t\t\t\t\t<\/div>\n\t\t<\/section>\n\t\t\t\t<section class=\"elementor-section elementor-top-section elementor-element elementor-element-ea7648f elementor-section-boxed elementor-section-height-default elementor-section-height-default rt-parallax-bg-no\" data-id=\"ea7648f\" data-element_type=\"section\">\n\t\t\t\t\t\t<div class=\"elementor-container elementor-column-gap-default\">\n\t\t\t\t\t<div class=\"elementor-column elementor-col-100 elementor-top-column elementor-element elementor-element-c478f8b\" data-id=\"c478f8b\" data-element_type=\"column\">\n\t\t\t<div class=\"elementor-widget-wrap elementor-element-populated\">\n\t\t\t\t\t\t<div class=\"elementor-element elementor-element-2b71f64 elementor-widget elementor-widget-text-editor\" data-id=\"2b71f64\" data-element_type=\"widget\" data-widget_type=\"text-editor.default\">\n\t\t\t\t<div class=\"elementor-widget-container\">\n\t\t\t\t\t\t\t\t\t<h4>The View<\/h4><p>The main attraction of Mirador de San Nicol\u00e1s is, of course, the view. From this vantage point, you can see the entire Alhambra complex, with its intricate architecture and lush gardens. Behind the Alhambra, the snow-capped peaks of the Sierra Nevada mountains rise majestically, creating a stunning backdrop. On clear days, the contrast between the reddish walls of the Alhambra and the white snow of the mountains is truly spectacular. In the foreground, you can see the rooftops of Granada and the fertile plains of the Vega stretching out in the distance.<\/p><h4>Best Time to Visit<\/h4><p>While Mirador de San Nicol\u00e1s is beautiful at any time of day, many visitors agree that the best time to visit is at sunset. As the sun sets behind the mountains, the Alhambra is bathed in a golden glow, creating a magical scene that is perfect for photographs. The changing colors of the sky and the city below add to the enchanting atmosphere. However, be prepared for crowds, as sunset is the most popular time for both tourists and locals to visit the viewpoint.<\/p><h4>Cultural Experience<\/h4><p>The area around Mirador de San Nicol\u00e1s is also a cultural hub. Often, you\u2019ll find local musicians playing traditional Spanish music, adding a festive and authentic touch to the experience. Street vendors selling handmade crafts, jewelry, and souvenirs are also common, offering visitors a chance to take home a piece of Granada\u2019s rich cultural heritage. The lively atmosphere makes it a great place to soak in the local culture while enjoying the view.<\/p>\t\t\t\t\t\t\t\t<\/div>\n\t\t\t\t<\/div>\n\t\t\t\t\t<\/div>\n\t\t<\/div>\n\t\t\t\t\t<\/div>\n\t\t<\/section>\n\t\t\t\t<section class=\"elementor-section elementor-top-section elementor-element elementor-element-61155c1 elementor-section-boxed elementor-section-height-default elementor-section-height-default rt-parallax-bg-no\" data-id=\"61155c1\" data-element_type=\"section\">\n\t\t\t\t\t\t<div class=\"elementor-container elementor-column-gap-default\">\n\t\t\t\t\t<div class=\"elementor-column elementor-col-50 elementor-top-column elementor-element elementor-element-47fce9f\" data-id=\"47fce9f\" data-element_type=\"column\">\n\t\t\t<div class=\"elementor-widget-wrap elementor-element-populated\">\n\t\t\t\t\t\t<div class=\"elementor-element elementor-element-2e7492a elementor-widget elementor-widget-text-editor\" data-id=\"2e7492a\" data-element_type=\"widget\" data-widget_type=\"text-editor.default\">\n\t\t\t\t<div class=\"elementor-widget-container\">\n\t\t\t\t\t\t\t\t\t<p>The Mirador de San Nicol\u00e1s is located in the highest part of the Albaic\u00edn neighborhood in Granada. You can reach it by bus, taking lines C1 or C2; or on foot, either by walking up the Paseo de los Tristes, or if you prefer, from Plaza Nueva.<\/p>\t\t\t\t\t\t\t\t<\/div>\n\t\t\t\t<\/div>\n\t\t\t\t\t<\/div>\n\t\t<\/div>\n\t\t\t\t<div class=\"elementor-column elementor-col-50 elementor-top-column elementor-element elementor-element-13b7b4f\" data-id=\"13b7b4f\" data-element_type=\"column\">\n\t\t\t<div class=\"elementor-widget-wrap elementor-element-populated\">\n\t\t\t\t\t\t<div class=\"elementor-element elementor-element-4db7f09 elementor-widget elementor-widget-google_maps\" data-id=\"4db7f09\" data-element_type=\"widget\" data-widget_type=\"google_maps.default\">\n\t\t\t\t<div class=\"elementor-widget-container\">\n\t\t\t\t\t\t\t<div class=\"elementor-custom-embed\">\n\t\t\t<iframe loading=\"lazy\"\n\t\t\t\t\tsrc=\"https:\/\/maps.google.com\/maps?q=Mirador%20de%20San%20Nicol%C3%A1s&#038;t=m&#038;z=10&#038;output=embed&#038;iwloc=near\"\n\t\t\t\t\ttitle=\"Mirador de San Nicol\u00e1s\"\n\t\t\t\t\taria-label=\"Mirador de San Nicol\u00e1s\"\n\t\t\t><\/iframe>\n\t\t<\/div>\n\t\t\t\t\t\t<\/div>\n\t\t\t\t<\/div>\n\t\t\t\t\t<\/div>\n\t\t<\/div>\n\t\t\t\t\t<\/div>\n\t\t<\/section>\n\t\t\t\t<\/div>","protected":false},"excerpt":{"rendered":"<p>Mirador de San Nicol\u00e1s No visit to Granada would be complete without a trip to Mirador de San Nicol\u00e1s, a beautiful spot in the Albaic\u00edn neighborhood offering stunning panoramic views of the Alhambra, the Sierra Nevada mountains, the city, and the Vega. This viewpoint is one of the most famous in the city, attracting locals<\/p>","protected":false},"author":1,"featured_media":0,"parent":0,"menu_order":0,"comment_status":"closed","ping_status":"closed","template":"elementor_theme","meta":{"_rtcl_gb_attr":"","footnotes":""},"class_list":["post-9253","page","type-page","status-publish","hentry"],"_links":{"self":[{"href":"https:\/\/granadaviva.com\/es\/wp-json\/wp\/v2\/pages\/9253","targetHints":{"allow":["GET"]}}],"collection":[{"href":"https:\/\/granadaviva.com\/es\/wp-json\/wp\/v2\/pages"}],"about":[{"href":"https:\/\/granadaviva.com\/es\/wp-json\/wp\/v2\/types\/page"}],"author":[{"embeddable":true,"href":"https:\/\/granadaviva.com\/es\/wp-json\/wp\/v2\/users\/1"}],"replies":[{"embeddable":true,"href":"https:\/\/granadaviva.com\/es\/wp-json\/wp\/v2\/comments?post=9253"}],"version-history":[{"count":7,"href":"https:\/\/granadaviva.com\/es\/wp-json\/wp\/v2\/pages\/9253\/revisions"}],"predecessor-version":[{"id":9262,"href":"https:\/\/granadaviva.com\/es\/wp-json\/wp\/v2\/pages\/9253\/revisions\/9262"}],"wp:attachment":[{"href":"https:\/\/granadaviva.com\/es\/wp-json\/wp\/v2\/media?parent=9253"}],"curies":[{"name":"wp","href":"https:\/\/api.w.org\/{rel}","templated":true}]}}