{"id":8825,"date":"2024-06-05T23:29:01","date_gmt":"2024-06-05T22:29:01","guid":{"rendered":"https:\/\/granadaviva.com\/?page_id=8825"},"modified":"2024-06-18T17:44:29","modified_gmt":"2024-06-18T16:44:29","slug":"art-galleries","status":"publish","type":"page","link":"https:\/\/granadaviva.com\/es\/art-galleries\/","title":{"rendered":"Galer\u00edas de arte"},"content":{"rendered":"<div data-elementor-type=\"wp-page\" data-elementor-id=\"8825\" class=\"elementor elementor-8825\" data-elementor-post-type=\"page\">\n\t\t\t\t\t\t<section class=\"elementor-section elementor-top-section elementor-element elementor-element-632e55c elementor-section-boxed elementor-section-height-default elementor-section-height-default rt-parallax-bg-no\" data-id=\"632e55c\" data-element_type=\"section\">\n\t\t\t\t\t\t<div class=\"elementor-container elementor-column-gap-default\">\n\t\t\t\t\t<div class=\"elementor-column elementor-col-100 elementor-top-column elementor-element elementor-element-1f2de99\" data-id=\"1f2de99\" data-element_type=\"column\">\n\t\t\t<div class=\"elementor-widget-wrap elementor-element-populated\">\n\t\t\t\t\t\t<div class=\"elementor-element elementor-element-be3ee4b elementor-widget elementor-widget-heading\" data-id=\"be3ee4b\" data-element_type=\"widget\" data-widget_type=\"heading.default\">\n\t\t\t\t<div class=\"elementor-widget-container\">\n\t\t\t\t\t<h2 class=\"elementor-heading-title elementor-size-default\">Galer\u00edas de arte<\/h2>\t\t\t\t<\/div>\n\t\t\t\t<\/div>\n\t\t\t\t<div class=\"elementor-element elementor-element-efdbfd9 elementor-widget elementor-widget-text-editor\" data-id=\"efdbfd9\" data-element_type=\"widget\" data-widget_type=\"text-editor.default\">\n\t\t\t\t<div class=\"elementor-widget-container\">\n\t\t\t\t\t\t\t\t\t<p>Granada es una ciudad llena de cultura e historia, y sus galer\u00edas de arte no son la excepci\u00f3n. Esta gu\u00eda te ayudar\u00e1 a explorar algunas de las mejores galer\u00edas de arte de la ciudad. Ya sea que te interese el arte moderno o las piezas cl\u00e1sicas, Granada tiene algo para todos.<\/p><p>Cada galer\u00eda ofrece una experiencia \u00fanica, exhibiendo una variedad de obras de artistas locales e internacionales. Utiliza esta gu\u00eda para descubrir el lado art\u00edstico de Granada y saber d\u00f3nde ver arte impresionante durante tu visita.<\/p>\t\t\t\t\t\t\t\t<\/div>\n\t\t\t\t<\/div>\n\t\t\t\t<div class=\"elementor-element elementor-element-6507ba5 elementor-widget elementor-widget-spacer\" data-id=\"6507ba5\" data-element_type=\"widget\" data-widget_type=\"spacer.default\">\n\t\t\t\t<div class=\"elementor-widget-container\">\n\t\t\t\t\t\t\t<div class=\"elementor-spacer\">\n\t\t\t<div class=\"elementor-spacer-inner\"><\/div>\n\t\t<\/div>\n\t\t\t\t\t\t<\/div>\n\t\t\t\t<\/div>\n\t\t\t\t\t<\/div>\n\t\t<\/div>\n\t\t\t\t\t<\/div>\n\t\t<\/section>\n\t\t\t\t<section class=\"elementor-section elementor-top-section elementor-element elementor-element-f069ebe elementor-section-boxed elementor-section-height-default elementor-section-height-default rt-parallax-bg-no\" data-id=\"f069ebe\" data-element_type=\"section\">\n\t\t\t\t\t\t<div class=\"elementor-container elementor-column-gap-default\">\n\t\t\t\t\t<div class=\"elementor-column elementor-col-100 elementor-top-column elementor-element elementor-element-e97c589\" data-id=\"e97c589\" data-element_type=\"column\">\n\t\t\t<div class=\"elementor-widget-wrap\">\n\t\t\t\t\t\t\t<\/div>\n\t\t<\/div>\n\t\t\t\t\t<\/div>\n\t\t<\/section>\n\t\t\t\t<\/div>","protected":false},"excerpt":{"rendered":"<p>Art Galleries Granada is a city full of culture and history, and its art galleries are no exception. This guide will help you explore some of the best art galleries in the city. Whether you&#8217;re interested in modern art or classic pieces, Granada has something for everyone. Each gallery offers a unique experience, showcasing a<\/p>","protected":false},"author":1,"featured_media":0,"parent":0,"menu_order":0,"comment_status":"closed","ping_status":"closed","template":"","meta":{"_rtcl_gb_attr":"","footnotes":""},"class_list":["post-8825","page","type-page","status-publish","hentry"],"_links":{"self":[{"href":"https:\/\/granadaviva.com\/es\/wp-json\/wp\/v2\/pages\/8825","targetHints":{"allow":["GET"]}}],"collection":[{"href":"https:\/\/granadaviva.com\/es\/wp-json\/wp\/v2\/pages"}],"about":[{"href":"https:\/\/granadaviva.com\/es\/wp-json\/wp\/v2\/types\/page"}],"author":[{"embeddable":true,"href":"https:\/\/granadaviva.com\/es\/wp-json\/wp\/v2\/users\/1"}],"replies":[{"embeddable":true,"href":"https:\/\/granadaviva.com\/es\/wp-json\/wp\/v2\/comments?post=8825"}],"version-history":[{"count":13,"href":"https:\/\/granadaviva.com\/es\/wp-json\/wp\/v2\/pages\/8825\/revisions"}],"predecessor-version":[{"id":10456,"href":"https:\/\/granadaviva.com\/es\/wp-json\/wp\/v2\/pages\/8825\/revisions\/10456"}],"wp:attachment":[{"href":"https:\/\/granadaviva.com\/es\/wp-json\/wp\/v2\/media?parent=8825"}],"curies":[{"name":"wp","href":"https:\/\/api.w.org\/{rel}","templated":true}]}}