{"id":8791,"date":"2024-06-05T23:10:19","date_gmt":"2024-06-05T22:10:19","guid":{"rendered":"https:\/\/granadaviva.com\/?page_id=8791"},"modified":"2024-06-12T18:21:01","modified_gmt":"2024-06-12T17:21:01","slug":"alhambra","status":"publish","type":"page","link":"https:\/\/granadaviva.com\/es\/alhambra\/","title":{"rendered":"Alhambra"},"content":{"rendered":"<div data-elementor-type=\"wp-page\" data-elementor-id=\"8791\" class=\"elementor elementor-8791\" data-elementor-post-type=\"page\">\n\t\t\t\t\t\t<section class=\"elementor-section elementor-top-section elementor-element elementor-element-65535b9 elementor-section-boxed elementor-section-height-default elementor-section-height-default rt-parallax-bg-no\" data-id=\"65535b9\" data-element_type=\"section\">\n\t\t\t\t\t\t<div class=\"elementor-container elementor-column-gap-default\">\n\t\t\t\t\t<div class=\"elementor-column elementor-col-50 elementor-top-column elementor-element elementor-element-a0930fb\" data-id=\"a0930fb\" data-element_type=\"column\">\n\t\t\t<div class=\"elementor-widget-wrap elementor-element-populated\">\n\t\t\t\t\t\t<div class=\"elementor-element elementor-element-717311c elementor-widget elementor-widget-video\" data-id=\"717311c\" data-element_type=\"widget\" data-settings=\"{&quot;youtube_url&quot;:&quot;https:\\\/\\\/www.youtube.com\\\/watch?v=Hwzq-S-ZOEc&quot;,&quot;video_type&quot;:&quot;youtube&quot;,&quot;controls&quot;:&quot;yes&quot;}\" data-widget_type=\"video.default\">\n\t\t\t\t<div class=\"elementor-widget-container\">\n\t\t\t\t\t\t\t<div class=\"elementor-wrapper elementor-open-inline\">\n\t\t\t<div class=\"elementor-video\"><\/div>\t\t<\/div>\n\t\t\t\t\t\t<\/div>\n\t\t\t\t<\/div>\n\t\t\t\t\t<\/div>\n\t\t<\/div>\n\t\t\t\t<div class=\"elementor-column elementor-col-50 elementor-top-column elementor-element elementor-element-bcec209\" data-id=\"bcec209\" data-element_type=\"column\">\n\t\t\t<div class=\"elementor-widget-wrap elementor-element-populated\">\n\t\t\t\t\t\t<div class=\"elementor-element elementor-element-e849e20 elementor-widget elementor-widget-text-editor\" data-id=\"e849e20\" data-element_type=\"widget\" data-widget_type=\"text-editor.default\">\n\t\t\t\t<div class=\"elementor-widget-container\">\n\t\t\t\t\t\t\t\t\t<p>La Alhambra est\u00e1 ubicada en una colina con vistas a Granada, a aproximadamente una hora en coche de la Costa Tropical. Conocida como la Octava Maravilla del Mundo, es un complejo de palacio y fortaleza construido por los gobernantes musulmanes de Granada en el sur de Espa\u00f1a, entonces llamado Al-\u00c1ndalus. Sirvi\u00f3 como residencia de los reyes musulmanes de Granada y su corte. M\u00e1s tarde, se a\u00f1adi\u00f3 un palacio renacentista por Carlos V, emperador del Sacro Imperio Romano Germ\u00e1nico. La Alhambra, junto con los jardines del Generalife, es un Patrimonio de la Humanidad de la UNESCO y exhibe una hermosa arquitectura isl\u00e1mica.<\/p>\t\t\t\t\t\t\t\t<\/div>\n\t\t\t\t<\/div>\n\t\t\t\t\t<\/div>\n\t\t<\/div>\n\t\t\t\t\t<\/div>\n\t\t<\/section>\n\t\t\t\t<section class=\"elementor-section elementor-top-section elementor-element elementor-element-a228110 elementor-section-boxed elementor-section-height-default elementor-section-height-default rt-parallax-bg-no\" data-id=\"a228110\" data-element_type=\"section\">\n\t\t\t\t\t\t<div class=\"elementor-container elementor-column-gap-default\">\n\t\t\t\t\t<div class=\"elementor-column elementor-col-100 elementor-top-column elementor-element elementor-element-9272ebb\" data-id=\"9272ebb\" data-element_type=\"column\">\n\t\t\t<div class=\"elementor-widget-wrap elementor-element-populated\">\n\t\t\t\t\t\t<div class=\"elementor-element elementor-element-299aa37 elementor-widget elementor-widget-text-editor\" data-id=\"299aa37\" data-element_type=\"widget\" data-widget_type=\"text-editor.default\">\n\t\t\t\t<div class=\"elementor-widget-container\">\n\t\t\t\t\t\t\t\t\t<h3><strong>Historia<\/strong><\/h3><p>El nombre Alhambra proviene de las palabras \u00e1rabes \u201cal hamra\u201d, que significa \u201cla roja\u201d, refiri\u00e9ndose al color de la arcilla roja con la que est\u00e1 construida. (La palabra inglesa \u201camber\u201d deriva de una palabra relacionada en \u00e1rabe antiguo: \u201canbar\u201d).<br \/>La primera referencia a la Qal\u2019at al Hamra se encuentra durante las batallas entre los \u00e1rabes y los mulad\u00edes durante el reinado de Abdallah (quien gobern\u00f3 de 888 a 912). En una escaramuza particularmente feroz y sangrienta, los mulad\u00edes derrotaron contundentemente a los \u00e1rabes, quienes luego se vieron obligados a refugiarse en la Alhambra. Seg\u00fan los documentos que sobrevivieron de esa \u00e9poca, el castillo rojo era bastante peque\u00f1o en ese entonces, y las evidencias de textos \u00e1rabes sugieren que el edificio se ampli\u00f3 hasta su tama\u00f1o actual en alg\u00fan momento posterior, casi con certeza durante la Dinast\u00eda Nazar\u00ed.<br \/>No hay m\u00e1s referencias hist\u00f3ricas a la Alhambra hasta el siglo XI, cuando sus ruinas fueron renovadas y reconstruidas por Samuel ibn Naghralla, visir del rey Badis de la Dinast\u00eda Zirida, en un esfuerzo por preservar el peque\u00f1o asentamiento jud\u00edo tambi\u00e9n ubicado en la colina Sabikah.<\/p>\t\t\t\t\t\t\t\t<\/div>\n\t\t\t\t<\/div>\n\t\t\t\t\t<\/div>\n\t\t<\/div>\n\t\t\t\t\t<\/div>\n\t\t<\/section>\n\t\t\t\t<section class=\"elementor-section elementor-top-section elementor-element elementor-element-bcfec6f elementor-section-boxed elementor-section-height-default elementor-section-height-default rt-parallax-bg-no\" data-id=\"bcfec6f\" data-element_type=\"section\">\n\t\t\t\t\t\t<div class=\"elementor-container elementor-column-gap-default\">\n\t\t\t\t\t<div class=\"elementor-column elementor-col-50 elementor-top-column elementor-element elementor-element-a545de6\" data-id=\"a545de6\" data-element_type=\"column\">\n\t\t\t<div class=\"elementor-widget-wrap elementor-element-populated\">\n\t\t\t\t\t\t<div class=\"elementor-element elementor-element-32557e2 elementor-widget elementor-widget-text-editor\" data-id=\"32557e2\" data-element_type=\"widget\" data-widget_type=\"text-editor.default\">\n\t\t\t\t<div class=\"elementor-widget-container\">\n\t\t\t\t\t\t\t\t\t<h3><strong>Palacios<\/strong><\/h3><p>Ibn Nasr, el fundador de la Dinast\u00eda Nasrida, huy\u00f3 a Granada para escapar de la persecuci\u00f3n del rey Fernando. Despu\u00e9s de llegar, se aloj\u00f3 en el Palacio de Badis en la Alhambra y pronto comenz\u00f3 a construir una nueva Alhambra adecuada para un rey. Seg\u00fan un manuscrito \u00e1rabe, \u201cEn 1238, Abdallah ibn al-Ahmar inspeccion\u00f3 la Alhambra, sent\u00f3 las bases de un castillo y nombr\u00f3 a alguien para supervisar su construcci\u00f3n.\u201d Su dise\u00f1o inclu\u00eda seis palacios, cinco formando un barrio real, dos torres de circuito y varios ba\u00f1os. Durante la Dinast\u00eda Nasrida, la Alhambra se convirti\u00f3 en una ciudad palaciega con un sistema de riego para los jardines del Generalife. Antes de esto, la Alhambra depend\u00eda de agua de lluvia y de agua tra\u00edda desde el Albaic\u00edn. La creaci\u00f3n del \u201cCanal del Sult\u00e1n\u201d transform\u00f3 la Alhambra en una lujosa ciudad-palacio en lugar de solo una fortaleza.<\/p>\t\t\t\t\t\t\t\t<\/div>\n\t\t\t\t<\/div>\n\t\t\t\t\t<\/div>\n\t\t<\/div>\n\t\t\t\t<div class=\"elementor-column elementor-col-50 elementor-top-column elementor-element elementor-element-9ef1b27\" data-id=\"9ef1b27\" data-element_type=\"column\">\n\t\t\t<div class=\"elementor-widget-wrap elementor-element-populated\">\n\t\t\t\t\t\t<div class=\"elementor-element elementor-element-57b87bc elementor-widget elementor-widget-video\" data-id=\"57b87bc\" data-element_type=\"widget\" data-settings=\"{&quot;youtube_url&quot;:&quot;https:\\\/\\\/www.youtube.com\\\/watch?v=72NV2NR_t1Y&quot;,&quot;video_type&quot;:&quot;youtube&quot;,&quot;controls&quot;:&quot;yes&quot;}\" data-widget_type=\"video.default\">\n\t\t\t\t<div class=\"elementor-widget-container\">\n\t\t\t\t\t\t\t<div class=\"elementor-wrapper elementor-open-inline\">\n\t\t\t<div class=\"elementor-video\"><\/div>\t\t<\/div>\n\t\t\t\t\t\t<\/div>\n\t\t\t\t<\/div>\n\t\t\t\t\t<\/div>\n\t\t<\/div>\n\t\t\t\t\t<\/div>\n\t\t<\/section>\n\t\t\t\t<section class=\"elementor-section elementor-top-section elementor-element elementor-element-7d4f7c94 elementor-section-boxed elementor-section-height-default elementor-section-height-default rt-parallax-bg-no\" data-id=\"7d4f7c94\" data-element_type=\"section\" data-settings=\"{&quot;background_background&quot;:&quot;classic&quot;}\">\n\t\t\t\t\t\t<div class=\"elementor-container elementor-column-gap-default\">\n\t\t\t\t\t<div class=\"elementor-column elementor-col-100 elementor-top-column elementor-element elementor-element-457a0630\" data-id=\"457a0630\" data-element_type=\"column\">\n\t\t\t<div class=\"elementor-widget-wrap elementor-element-populated\">\n\t\t\t\t\t\t<div class=\"elementor-element elementor-element-4a11a5d9 elementor-widget__width-initial elementor-widget elementor-widget-text-editor\" data-id=\"4a11a5d9\" data-element_type=\"widget\" data-widget_type=\"text-editor.default\">\n\t\t\t\t<div class=\"elementor-widget-container\">\n\t\t\t\t\t\t\t\t\t<p>Visita independiente<\/p>\t\t\t\t\t\t\t\t<\/div>\n\t\t\t\t<\/div>\n\t\t\t\t<div class=\"elementor-element elementor-element-f95a4c0 elementor-widget__width-initial elementor-widget elementor-widget-text-editor\" data-id=\"f95a4c0\" data-element_type=\"widget\" data-widget_type=\"text-editor.default\">\n\t\t\t\t<div class=\"elementor-widget-container\">\n\t\t\t\t\t\t\t\t\t<p>Las entradas suelen agotarse con d\u00edas o incluso semanas de antelaci\u00f3n, por lo que se recomienda reservar con anticipaci\u00f3n para evitar decepciones. Las entradas se pueden adquirir en la<a href=\"https:\/\/tickets.alhambra-patronato.es\/\" target=\"_blank\" rel=\"noopener\">\u00a0 p\u00e1gina web de la taquilla de la Alhambra<\/a>o por tel\u00e9fono al (34) 858 889 002. <br \/>Las entradas para el mismo d\u00eda pueden comprarse en las m\u00e1quinas ubicadas en la Alhambra y en los monumentos andalus\u00edes (Corral del Carb\u00f3n, Ba\u00f1uelo y Palacio Dal al Horra), sujeto a disponibilidad.<br \/>Recomendamos encarecidamente reservar una visita guiada oficial que incluya una entrada. <a href=\"https:\/\/costatropical.com\/alhambra-guided-tours\/\" target=\"_blank\" rel=\"noopener\">Clic aqu\u00ed<\/a> para ver nuestra lista de opciones de visitas guiadas.<\/p>\t\t\t\t\t\t\t\t<\/div>\n\t\t\t\t<\/div>\n\t\t\t\t\t<\/div>\n\t\t<\/div>\n\t\t\t\t\t<\/div>\n\t\t<\/section>\n\t\t\t\t<section class=\"elementor-section elementor-top-section elementor-element elementor-element-43c7437 elementor-section-boxed elementor-section-height-default elementor-section-height-default rt-parallax-bg-no\" data-id=\"43c7437\" data-element_type=\"section\">\n\t\t\t\t\t\t<div class=\"elementor-container elementor-column-gap-default\">\n\t\t\t\t\t<div class=\"elementor-column elementor-col-100 elementor-top-column elementor-element elementor-element-266e1a5\" data-id=\"266e1a5\" data-element_type=\"column\">\n\t\t\t<div class=\"elementor-widget-wrap elementor-element-populated\">\n\t\t\t\t\t\t<div class=\"elementor-element elementor-element-ef54a32 elementor-widget elementor-widget-text-editor\" data-id=\"ef54a32\" data-element_type=\"widget\" data-widget_type=\"text-editor.default\">\n\t\t\t\t<div class=\"elementor-widget-container\">\n\t\t\t\t\t\t\t\t\t<section class=\"elementor-section elementor-top-section elementor-element elementor-element-b779b9d elementor-section-boxed elementor-section-height-default elementor-section-height-default rt-parallax-bg-no\" data-id=\"b779b9d\" data-element_type=\"section\"><div class=\"elementor-container elementor-column-gap-default\"><div class=\"elementor-column elementor-col-100 elementor-top-column elementor-element elementor-element-4ce0361\" data-id=\"4ce0361\" data-element_type=\"column\"><div class=\"elementor-widget-wrap elementor-element-populated\"><div class=\"elementor-element elementor-element-a050817 elementor-widget elementor-widget-text-editor\" data-id=\"a050817\" data-element_type=\"widget\" data-widget_type=\"text-editor.default\"><div class=\"elementor-widget-container\"><p><strong>Audiogu\u00eda interactiva:<\/strong> Una vez que llegues a la Alhambra, puedes alquilar el servicio de audiogu\u00eda interactiva. Est\u00e1 disponible en el lugar o para descargar en dispositivos iOS y Android. Esta gu\u00eda incluye un mapa interactivo del complejo, audios, im\u00e1genes hist\u00f3ricas, videos y vistas panor\u00e1micas en 360\u00ba. El visitante puede elegir entre varias rutas adaptadas a diferentes itinerarios, gustos y tiempos disponibles. El precio es de 6 euros y est\u00e1 disponible en alem\u00e1n, \u00e1rabe, coreano, chino, espa\u00f1ol, franc\u00e9s, neerland\u00e9s, ingl\u00e9s, italiano, japon\u00e9s, portugu\u00e9s y ruso.<\/p><p><strong>Recuerda traer tu pasaporte.<\/strong> Las entradas son personales e intransferibles. Cada visitante debe llevar su entrada durante toda la visita, y debe presentarse con un documento de identificaci\u00f3n personal.\u00a0<\/p><p><strong>Entrada general:<\/strong> 19,09 euros. La visita general a la Alhambra dura alrededor de tres horas.<\/p><p><strong>Solo Jardines del Generalife y Alcazaba:<\/strong> 10.61 euros<\/p><p><strong>Entrada Dobla de Oro<\/strong> (incluye Alhambra y 4 monumentos andalus\u00edes en el Albaic\u00edn): 27,30 euros.<\/p><p><strong>Visita nocturna<\/strong><br \/>Esta es la visita de la \u201cAlhambra iluminada\u201d. Itinerario: interior de la Alhambra, Palacios Nazar\u00edes y Palacio de Carlos V. Para comprar entradas en la p\u00e1gina oficial, <a href=\"https:\/\/tickets.alhambra-patronato.es\/producto\/visita-nocturna-a-palacios-nazaries\/\" target=\"_blank\" rel=\"noopener\">click here.<\/a><\/p><p><strong>Visitas guiadas p\u00fablicas<\/strong><br \/>La forma ideal de visitar la Alhambra es como parte de un grupo de recorrido a pie con un gu\u00eda oficial que sea miembro de la Asociaci\u00f3n Provincial de Gu\u00edas de Turismo de Granada (A.P.I.T.). <a href=\"https:\/\/granadaviva.com\/es\/alhambra-guided-tours\/\">Clic aqu\u00ed<\/a> para ver nuestra lista seleccionada de visitas guiadas.<\/p><\/div><\/div><\/div><\/div><\/div><\/section>\t\t\t\t\t\t\t\t<\/div>\n\t\t\t\t<\/div>\n\t\t\t\t\t<\/div>\n\t\t<\/div>\n\t\t\t\t\t<\/div>\n\t\t<\/section>\n\t\t\t\t<section class=\"elementor-section elementor-top-section elementor-element elementor-element-84c6617 elementor-section-boxed elementor-section-height-default elementor-section-height-default rt-parallax-bg-no\" data-id=\"84c6617\" data-element_type=\"section\">\n\t\t\t\t\t\t<div class=\"elementor-container elementor-column-gap-default\">\n\t\t\t\t\t<div class=\"elementor-column elementor-col-50 elementor-top-column elementor-element elementor-element-651e01c\" data-id=\"651e01c\" data-element_type=\"column\">\n\t\t\t<div class=\"elementor-widget-wrap elementor-element-populated\">\n\t\t\t\t\t\t<div class=\"elementor-element elementor-element-8c6f8bc elementor-widget elementor-widget-text-editor\" data-id=\"8c6f8bc\" data-element_type=\"widget\" data-widget_type=\"text-editor.default\">\n\t\t\t\t<div class=\"elementor-widget-container\">\n\t\t\t\t\t\t\t\t\t<p>Desde el centro de Granada, toma el autob\u00fas n\u00famero 30 o 32 hasta la Alhambra.<\/p>\t\t\t\t\t\t\t\t<\/div>\n\t\t\t\t<\/div>\n\t\t\t\t\t<\/div>\n\t\t<\/div>\n\t\t\t\t<div class=\"elementor-column elementor-col-50 elementor-top-column elementor-element elementor-element-ad7aa91\" data-id=\"ad7aa91\" data-element_type=\"column\">\n\t\t\t<div class=\"elementor-widget-wrap elementor-element-populated\">\n\t\t\t\t\t\t<div class=\"elementor-element elementor-element-bfc5b25 elementor-widget elementor-widget-google_maps\" data-id=\"bfc5b25\" data-element_type=\"widget\" data-widget_type=\"google_maps.default\">\n\t\t\t\t<div class=\"elementor-widget-container\">\n\t\t\t\t\t\t\t<div class=\"elementor-custom-embed\">\n\t\t\t<iframe loading=\"lazy\"\n\t\t\t\t\tsrc=\"https:\/\/maps.google.com\/maps?q=Alhambra%2C%20Granada&#038;t=m&#038;z=14&#038;output=embed&#038;iwloc=near\"\n\t\t\t\t\ttitle=\"Alhambra, Granada\"\n\t\t\t\t\taria-label=\"Alhambra, Granada\"\n\t\t\t><\/iframe>\n\t\t<\/div>\n\t\t\t\t\t\t<\/div>\n\t\t\t\t<\/div>\n\t\t\t\t\t<\/div>\n\t\t<\/div>\n\t\t\t\t\t<\/div>\n\t\t<\/section>\n\t\t\t\t<section class=\"elementor-section elementor-top-section elementor-element elementor-element-b7b8462 elementor-section-boxed elementor-section-height-default elementor-section-height-default rt-parallax-bg-no\" data-id=\"b7b8462\" data-element_type=\"section\">\n\t\t\t\t\t\t<div class=\"elementor-container elementor-column-gap-default\">\n\t\t\t\t\t<div class=\"elementor-column elementor-col-100 elementor-top-column elementor-element elementor-element-f931641\" data-id=\"f931641\" data-element_type=\"column\">\n\t\t\t<div class=\"elementor-widget-wrap elementor-element-populated\">\n\t\t\t\t\t\t<div class=\"elementor-element elementor-element-d2daf80 elementor-widget elementor-widget-spacer\" data-id=\"d2daf80\" data-element_type=\"widget\" data-widget_type=\"spacer.default\">\n\t\t\t\t<div class=\"elementor-widget-container\">\n\t\t\t\t\t\t\t<div class=\"elementor-spacer\">\n\t\t\t<div class=\"elementor-spacer-inner\"><\/div>\n\t\t<\/div>\n\t\t\t\t\t\t<\/div>\n\t\t\t\t<\/div>\n\t\t\t\t\t<\/div>\n\t\t<\/div>\n\t\t\t\t\t<\/div>\n\t\t<\/section>\n\t\t\t\t<section class=\"elementor-section elementor-inner-section elementor-element elementor-element-6a8da00f elementor-section-boxed elementor-section-height-default elementor-section-height-default rt-parallax-bg-no\" data-id=\"6a8da00f\" data-element_type=\"section\" data-settings=\"{&quot;background_background&quot;:&quot;classic&quot;}\">\n\t\t\t\t\t\t\t<div class=\"elementor-background-overlay\"><\/div>\n\t\t\t\t\t\t\t<div class=\"elementor-container elementor-column-gap-default\">\n\t\t\t\t\t<div class=\"elementor-column elementor-col-50 elementor-inner-column elementor-element elementor-element-479ab2cf\" data-id=\"479ab2cf\" data-element_type=\"column\">\n\t\t\t<div class=\"elementor-widget-wrap elementor-element-populated\">\n\t\t\t\t\t\t<div class=\"elementor-element elementor-element-4fcf25fa elementor-align-left elementor-align-center elementor-widget elementor-widget-rt-title\" data-id=\"4fcf25fa\" data-element_type=\"widget\" data-widget_type=\"rt-title.default\">\n\t\t\t\t<div class=\"elementor-widget-container\">\n\t\t\t\t\t<div class=\"section-heading\">\r\n\t<h2  class=\"heading-title\">Visitas guiadas a la Alhambra<\/h2><p>Una visita a Granada no estar\u00eda completa sin un recorrido por la Alhambra. Haz clic en el bot\u00f3n para ver nuestras visitas guiadas recomendadas.<\/p>    <\/div>\t\t\t\t<\/div>\n\t\t\t\t<\/div>\n\t\t\t\t\t<\/div>\n\t\t<\/div>\n\t\t\t\t<div class=\"elementor-column elementor-col-50 elementor-inner-column elementor-element elementor-element-376773fb\" data-id=\"376773fb\" data-element_type=\"column\">\n\t\t\t<div class=\"elementor-widget-wrap elementor-element-populated\">\n\t\t\t\t\t\t<div class=\"elementor-element elementor-element-48cfec77 elementor-align-right elementor-align-center elementor-widget elementor-widget-rt-button\" data-id=\"48cfec77\" data-element_type=\"widget\" data-widget_type=\"rt-button.default\">\n\t\t\t\t<div class=\"elementor-widget-container\">\n\t\t\t\t\t<div class=\"btn-wrap btn-v2\">\r\n\t<a href=\"https:\/\/granadaviva.com\/es\/alhambra-guided-tours\/\" class=\"item-btn\">\r\n\t\t<span class=\"btn__icon\">\r\n\t\t\t<svg width=\"20\" height=\"20\" viewbox=\"0 0 20 20\" fill=\"none\" xmlns=\"http:\/\/www.w3.org\/2000\/svg\"><path fill-rule=\"evenodd\" clip-rule=\"evenodd\" d=\"M1.25 10C1.25 12.3206 2.17187 14.5462 3.81282 16.1872C5.45376 17.8281 7.67936 18.75 10 18.75C12.3206 18.75 14.5462 17.8281 16.1872 16.1872C17.8281 14.5462 18.75 12.3206 18.75 10C18.75 7.67936 17.8281 5.45376 16.1872 3.81282C14.5462 2.17187 12.3206 1.25 10 1.25C7.67936 1.25 5.45376 2.17187 3.81282 3.81282C2.17187 5.45376 1.25 7.67936 1.25 10ZM20 10C20 12.6522 18.9464 15.1957 17.0711 17.0711C15.1957 18.9464 12.6522 20 10 20C7.34784 20 4.8043 18.9464 2.92893 17.0711C1.05357 15.1957 0 12.6522 0 10C0 7.34784 1.05357 4.8043 2.92893 2.92893C4.8043 1.05357 7.34784 0 10 0C12.6522 0 15.1957 1.05357 17.0711 2.92893C18.9464 4.8043 20 7.34784 20 10ZM5.625 9.375C5.45924 9.375 5.30027 9.44085 5.18306 9.55806C5.06585 9.67527 5 9.83424 5 10C5 10.1658 5.06585 10.3247 5.18306 10.4419C5.30027 10.5592 5.45924 10.625 5.625 10.625H12.8663L10.1825 13.3075C10.1244 13.3656 10.0783 13.4346 10.0468 13.5105C10.0154 13.5864 9.99921 13.6678 9.99921 13.75C9.99921 13.8322 10.0154 13.9136 10.0468 13.9895C10.0783 14.0654 10.1244 14.1344 10.1825 14.1925C10.2406 14.2506 10.3096 14.2967 10.3855 14.3282C10.4614 14.3596 10.5428 14.3758 10.625 14.3758C10.7072 14.3758 10.7886 14.3596 10.8645 14.3282C10.9404 14.2967 11.0094 14.2506 11.0675 14.1925L14.8175 10.4425C14.8757 10.3844 14.9219 10.3155 14.9534 10.2395C14.9849 10.1636 15.0011 10.0822 15.0011 10C15.0011 9.91779 14.9849 9.83639 14.9534 9.76046C14.9219 9.68453 14.8757 9.61556 14.8175 9.5575L11.0675 5.8075C11.0094 5.74939 10.9404 5.70329 10.8645 5.67185C10.7886 5.6404 10.7072 5.62421 10.625 5.62421C10.5428 5.62421 10.4614 5.6404 10.3855 5.67185C10.3096 5.70329 10.2406 5.74939 10.1825 5.8075C10.1244 5.86561 10.0783 5.9346 10.0468 6.01052C10.0154 6.08644 9.99921 6.16782 9.99921 6.25C9.99921 6.33218 10.0154 6.41356 10.0468 6.48948C10.0783 6.5654 10.1244 6.63439 10.1825 6.6925L12.8663 9.375H5.625Z\" fill=\"white\"\/><\/svg>\t\t<\/span>\r\n\t\t<span class=\"btn__text\">Clic aqu\u00ed<\/span>\r\n\t\t<span class=\"btn__icon\">\r\n\t\t\t<svg width=\"20\" height=\"20\" viewbox=\"0 0 20 20\" fill=\"none\" xmlns=\"http:\/\/www.w3.org\/2000\/svg\"><path fill-rule=\"evenodd\" clip-rule=\"evenodd\" d=\"M1.25 10C1.25 12.3206 2.17187 14.5462 3.81282 16.1872C5.45376 17.8281 7.67936 18.75 10 18.75C12.3206 18.75 14.5462 17.8281 16.1872 16.1872C17.8281 14.5462 18.75 12.3206 18.75 10C18.75 7.67936 17.8281 5.45376 16.1872 3.81282C14.5462 2.17187 12.3206 1.25 10 1.25C7.67936 1.25 5.45376 2.17187 3.81282 3.81282C2.17187 5.45376 1.25 7.67936 1.25 10ZM20 10C20 12.6522 18.9464 15.1957 17.0711 17.0711C15.1957 18.9464 12.6522 20 10 20C7.34784 20 4.8043 18.9464 2.92893 17.0711C1.05357 15.1957 0 12.6522 0 10C0 7.34784 1.05357 4.8043 2.92893 2.92893C4.8043 1.05357 7.34784 0 10 0C12.6522 0 15.1957 1.05357 17.0711 2.92893C18.9464 4.8043 20 7.34784 20 10ZM5.625 9.375C5.45924 9.375 5.30027 9.44085 5.18306 9.55806C5.06585 9.67527 5 9.83424 5 10C5 10.1658 5.06585 10.3247 5.18306 10.4419C5.30027 10.5592 5.45924 10.625 5.625 10.625H12.8663L10.1825 13.3075C10.1244 13.3656 10.0783 13.4346 10.0468 13.5105C10.0154 13.5864 9.99921 13.6678 9.99921 13.75C9.99921 13.8322 10.0154 13.9136 10.0468 13.9895C10.0783 14.0654 10.1244 14.1344 10.1825 14.1925C10.2406 14.2506 10.3096 14.2967 10.3855 14.3282C10.4614 14.3596 10.5428 14.3758 10.625 14.3758C10.7072 14.3758 10.7886 14.3596 10.8645 14.3282C10.9404 14.2967 11.0094 14.2506 11.0675 14.1925L14.8175 10.4425C14.8757 10.3844 14.9219 10.3155 14.9534 10.2395C14.9849 10.1636 15.0011 10.0822 15.0011 10C15.0011 9.91779 14.9849 9.83639 14.9534 9.76046C14.9219 9.68453 14.8757 9.61556 14.8175 9.5575L11.0675 5.8075C11.0094 5.74939 10.9404 5.70329 10.8645 5.67185C10.7886 5.6404 10.7072 5.62421 10.625 5.62421C10.5428 5.62421 10.4614 5.6404 10.3855 5.67185C10.3096 5.70329 10.2406 5.74939 10.1825 5.8075C10.1244 5.86561 10.0783 5.9346 10.0468 6.01052C10.0154 6.08644 9.99921 6.16782 9.99921 6.25C9.99921 6.33218 10.0154 6.41356 10.0468 6.48948C10.0783 6.5654 10.1244 6.63439 10.1825 6.6925L12.8663 9.375H5.625Z\" fill=\"white\"\/><\/svg>\t\t<\/span>\r\n\t<\/a>\r\n<\/div>\r\n\r\n\t\t\t\t<\/div>\n\t\t\t\t<\/div>\n\t\t\t\t\t<\/div>\n\t\t<\/div>\n\t\t\t\t\t<\/div>\n\t\t<\/section>\n\t\t\t\t<section class=\"elementor-section elementor-top-section elementor-element elementor-element-dc3b10c elementor-section-boxed elementor-section-height-default elementor-section-height-default rt-parallax-bg-no\" data-id=\"dc3b10c\" data-element_type=\"section\">\n\t\t\t\t\t\t<div class=\"elementor-container elementor-column-gap-default\">\n\t\t\t\t\t<div class=\"elementor-column elementor-col-100 elementor-top-column elementor-element elementor-element-09b80e8\" data-id=\"09b80e8\" data-element_type=\"column\">\n\t\t\t<div class=\"elementor-widget-wrap\">\n\t\t\t\t\t\t\t<\/div>\n\t\t<\/div>\n\t\t\t\t\t<\/div>\n\t\t<\/section>\n\t\t\t\t<\/div>","protected":false},"excerpt":{"rendered":"<p>https:\/\/www.youtube.com\/watch?v=Hwzq-S-ZOEc The Alhambra is located on a hill overlooking Granada, about an hour&#8217;s drive from the Costa Tropical. Known as the Eighth Wonder of the World, it is a palace and fortress complex built by the Moorish rulers of Granada in southern Spain, then called Al-Andalus. It served as the residence of the Muslim kings<\/p>","protected":false},"author":1,"featured_media":0,"parent":0,"menu_order":0,"comment_status":"closed","ping_status":"closed","template":"elementor_header_footer","meta":{"_rtcl_gb_attr":"","footnotes":""},"class_list":["post-8791","page","type-page","status-publish","hentry"],"_links":{"self":[{"href":"https:\/\/granadaviva.com\/es\/wp-json\/wp\/v2\/pages\/8791","targetHints":{"allow":["GET"]}}],"collection":[{"href":"https:\/\/granadaviva.com\/es\/wp-json\/wp\/v2\/pages"}],"about":[{"href":"https:\/\/granadaviva.com\/es\/wp-json\/wp\/v2\/types\/page"}],"author":[{"embeddable":true,"href":"https:\/\/granadaviva.com\/es\/wp-json\/wp\/v2\/users\/1"}],"replies":[{"embeddable":true,"href":"https:\/\/granadaviva.com\/es\/wp-json\/wp\/v2\/comments?post=8791"}],"version-history":[{"count":13,"href":"https:\/\/granadaviva.com\/es\/wp-json\/wp\/v2\/pages\/8791\/revisions"}],"predecessor-version":[{"id":10043,"href":"https:\/\/granadaviva.com\/es\/wp-json\/wp\/v2\/pages\/8791\/revisions\/10043"}],"wp:attachment":[{"href":"https:\/\/granadaviva.com\/es\/wp-json\/wp\/v2\/media?parent=8791"}],"curies":[{"name":"wp","href":"https:\/\/api.w.org\/{rel}","templated":true}]}}